{"id":3327,"date":"2022-09-06T17:00:18","date_gmt":"2022-09-06T15:00:18","guid":{"rendered":"http:\/\/megapack.pixfort.com\/modern\/?page_id=3327"},"modified":"2022-09-06T17:53:47","modified_gmt":"2022-09-06T15:53:47","slug":"contactanos","status":"publish","type":"page","link":"https:\/\/wellnessocasion.com\/en\/contactanos\/","title":{"rendered":"Contact"},"content":{"rendered":"<div class=\"wpb-content-wrapper\"><section data-vc-full-width=\"true\" data-vc-full-width-init=\"false\" class=\"vc_section vc_section_visible pix-intro-1 custom-responsive-78579931 vc_custom_1616370701235 vc_row-o-full-height vc_section-o-content-middle vc_section-flex bg-gradient-primary\" data-section-name=\"\"><div class=\"fullpage-container\"><div class=\"pix-intro-img jarallax\" data-jarallax data-speed=\"0.8\"><img decoding=\"async\" loading=\"lazy\" class=\"jarallax-img pix-opacity-1\"  src=\"https:\/\/wellnessocasion.com\/wp-content\/uploads\/2021\/02\/modern-intro-bg.jpg\" alt=\"\" \/><\/div><\/div><div class=\"pix-divider pix-bottom-divider\" data-style=\"style-8\" style=\"bottom:-1px;\"><svg xmlns=\"http:\/\/www.w3.org\/2000\/svg\" width=\"100%\"  viewbox=\"0 0 1200 366\" preserveaspectratio=\"none\"><g class=\"animate-in\" data-anim-type=\"fade-in-up\" data-anim-delay=\"300\"><polygon fill=\"rgba(255,255,255,0.15)\"  points=\"0 240 1200 0 1200 366 0 366\"  \/><\/g><g class=\"animate-in\" data-anim-type=\"fade-in-up\" data-anim-delay=\"150\"><polygon fill=\"rgba(255,255,255,0.3)\"  points=\"0 300 1200 60 1200 366 0 366\" \/><\/g><polygon fill=\"#ffffff\" points=\"0 360 1200 120 1200 366 0 366\"\/><defs><\/defs><\/svg><\/div><div data-vc-full-width=\"true\" data-vc-full-width-init=\"false\" class=\"vc_row wpb_row vc_row-fluid vc_row_visible\"><div class=\"wpb_column vc_column_container vc_col-sm-12 text-left\"><div class=\"vc_column-inner\"><div class=\"wpb_wrapper\"><div  class=\"pix-heading-el text-left\"><div><div class=\"slide-in-container\"><h1 class=\"text-white font-weight-bold heading-text el-title_custom_color mb-12\" style=\"\" data-anim-type=\"\" data-anim-delay=\"0\">Who are we?<\/h1><\/div><\/div><\/div><div class=\"pix-el-text w-100   vc_custom_1660211347543\" ><div class=\"d-inline-block\" style=\"max-width:600px;\"><p class=\"text-20  text-light-opacity-6\" >Wellness Ocasion is a second-hand machines company that has been operating since 2013<\/p><\/div><\/div><\/div><\/div><\/div><\/div><div class=\"vc_row-full-width vc_clearfix\"><\/div><div class=\"vc_row wpb_row vc_row-fluid vc_row_visible vc_custom_1613437372156\"><div class=\"wpb_column vc_column_container vc_col-sm-12 text-left\"><div class=\"vc_column-inner\"><div class=\"wpb_wrapper\"><div class=\"vc_row wpb_row vc_inner vc_row-fluid vc_row-o-equal-height vc_row-o-content-middle vc_row-flex\"><div class=\"wpb_column vc_column_container vc_col-sm-4 text-left\"><div class=\"vc_column-inner\"><div class=\"wpb_wrapper\"><div class=\"pix-content-box card      vc_custom_1613451230203    rounded-10 shadow-lg shadow-hover-lg fly-sm bg- w-100\"   ><div class=\"scene scene-over\"><\/div><div class=\"\" style=\"z-index:30;position:relative;\"><a class=\"text-left\"  href=\"#\" target=\"\"><div id=\"duo-icon-105519289\" class=\"pix-icon text-left  vc_custom_1613358630311\"><div class=\"rounded-circle d-inline-block feature_img  bg-gradient-primary-light\"   style=\" width:108px;height:108px;position:relative;line-height:108px;text-align:center;\"><i style=\"display:inline-block;font-size:60px;line-height:60px;\" class=\"text-gradient-primary align-middle pixicon-support-1\"><\/i><\/div><\/div><\/a><div class=\"pix-el-text w-100   vc_custom_1660211376972\" ><div class=\"d-inline-block\" style=\"max-width:600px;\"><p class=\"text-20 m-0 text-heading-default  font-weight-bold secondary-font\" >Call us<\/p><\/div><\/div><div class=\"pix-el-text w-100   vc_custom_1659525960924\" ><div class=\"d-inline-block\" style=\"max-width:600px;\"><p class=\"text-20 m-0 text-body-default\" >+34 617 62 72 22<\/p><\/div><\/div><div class=\"pix-el-text w-100\" ><div class=\"d-inline-block\" style=\"max-width:600px;\"><p class=\"text-sm  text-body-default\" >From Monday to Friday 10am to 14pm<\/p><\/div><\/div><\/div><\/div><\/div><\/div><\/div><div class=\"wpb_column vc_column_container vc_col-sm-4 text-left\"><div class=\"vc_column-inner\"><div class=\"wpb_wrapper\"><div class=\"pix-content-box card      vc_custom_1613451230203    rounded-10 shadow-lg shadow-hover-lg fly-sm bg- w-100\"   ><div class=\"scene scene-over\"><\/div><div class=\"\" style=\"z-index:30;position:relative;\"><a class=\"text-left\"  href=\"#\" target=\"\"><div id=\"duo-icon-127064119\" class=\"pix-icon text-left  vc_custom_1613358718475\"><div class=\"rounded-circle d-inline-block feature_img  bg-gradient-primary-light\"   style=\" width:108px;height:108px;position:relative;line-height:108px;text-align:center;\"><i style=\"display:inline-block;font-size:60px;line-height:60px;\" class=\"text-gradient-primary align-middle pixicon-email-open-2\"><\/i><\/div><\/div><\/a><div class=\"pix-el-text w-100   vc_custom_1660211419836\" ><div class=\"d-inline-block\" style=\"max-width:600px;\"><p class=\"text-20 m-0 text-heading-default  font-weight-bold secondary-font\" >Send us an email<\/p><\/div><\/div><div class=\"pix-el-text w-100   vc_custom_1660130321708\" ><div class=\"d-inline-block\" style=\"max-width:600px;\"><p class=\"text-20 m-0 text-body-default\" >info@wellnessocasion.com<\/p><\/div><\/div><div class=\"pix-el-text w-100\" ><div class=\"d-inline-block\" style=\"max-width:600px;\"><p class=\"text-sm  text-body-default\" >We will answer you as quickly as possible<\/p><\/div><\/div><\/div><\/div><\/div><\/div><\/div><div class=\"wpb_column vc_column_container vc_col-sm-4 text-left\"><div class=\"vc_column-inner\"><div class=\"wpb_wrapper\"><div class=\"pix-content-box card      vc_custom_1613451340378    rounded-10 shadow-lg shadow-hover-lg fly-sm bg- w-100\"   ><div class=\"scene scene-over\"><\/div><div class=\"\" style=\"z-index:30;position:relative;\"><a class=\"text-left\"  href=\"#\" target=\"\"><div id=\"duo-icon-399197\" class=\"pix-icon text-left  vc_custom_1659526448160\"><div class=\"rounded-circle d-inline-block feature_img  bg-gradient-primary-light\"   style=\" width:108px;height:108px;position:relative;line-height:108px;text-align:center;\"><i style=\"display:inline-block;font-size:60px;line-height:60px;\" class=\"text-gradient-primary align-middle pixicon-telegram2\"><\/i><\/div><\/div><\/a><div class=\"pix-el-text w-100   vc_custom_1659526389979\" ><div class=\"d-inline-block\" style=\"max-width:600px;\"><p class=\"text-20 m-0 text-heading-default  font-weight-bold secondary-font\" >Telegram<\/p><\/div><\/div><div class=\"pix-el-text w-100   vc_custom_1660211445817\" ><div class=\"d-inline-block\" style=\"max-width:600px;\"><p class=\"text-20 m-0 text-body-default\" >Find out about our new acquisitions faster!<\/p><\/div><\/div><\/div><\/div><\/div><\/div><\/div><\/div><\/div><\/div><\/div><\/div><\/section><div class=\"vc_row-full-width vc_clearfix\"><\/div><section id=\"pix_section_about\" data-vc-full-width=\"true\" data-vc-full-width-init=\"false\" class=\"vc_section vc_section_visible pix_section_about vc_custom_1660217303455 vc_section-has-fill vc_section-o-content-middle vc_section-flex\" data-section-name=\"About\"><div class=\"pix-divider pix-top-divider\" data-style=\"style-8\" style=\"top:-1px;\"><svg xmlns=\"http:\/\/www.w3.org\/2000\/svg\" width=\"100%\"  viewbox=\"0 0 1200 366\" preserveaspectratio=\"none\"><polygon fill=\"#ffffff\" points=\"0 360 1200 120 1200 366 0 366\"\/><defs><\/defs><\/svg><\/div><div class=\"vc_row wpb_row vc_row-fluid vc_row_visible vc_custom_1613516514552\"><div class=\"wpb_column vc_column_container vc_col-sm-12 text-left\"><div class=\"vc_column-inner\"><div class=\"wpb_wrapper\"><div  class=\"pix-heading-el text-left  vc_custom_1660211494171\"><div><div class=\"slide-in-container\"><h1 class=\"text-gradient-primary font-weight-bold heading-text el-title_custom_color mb-12\" style=\"\" data-anim-type=\"\" data-anim-delay=\"0\">Contact us for more information<\/h1><\/div><\/div><\/div><\/div><\/div><\/div><\/div><div class=\"vc_row wpb_row vc_row-fluid vc_row_visible\"><div class=\"wpb_column vc_column_container vc_col-sm-6 text-left\"><div class=\"vc_column-inner\"><div class=\"wpb_wrapper\"><div  class=\"pix-heading-el text-left  vc_custom_1660211510335\"><div><div class=\"slide-in-container\"><h5 class=\"text-heading-default font-weight-bold heading-text el-title_custom_color mb-12\" style=\"\" data-anim-type=\"\" data-anim-delay=\"0\">Contact us<\/h5><\/div><\/div><\/div><div class=\"pix-el-text w-100   vc_custom_1660211536345\" ><div class=\"d-inline-block\" style=\"max-width:600px;\"><p class=\"text-20  text-body-default\" >Send us an email, call us or send a Whatsapp before visiting us<\/p><\/div><\/div><div class=\"pix-content-box card      vc_custom_1613516207795    rounded-10 shadow-lg shadow-hover-lg fly-sm bg- w-100\"   ><div class=\"scene scene-over\"><\/div><div class=\"\" style=\"z-index:30;position:relative;\"><a href=\"https:\/\/goo.gl\/maps\/Rm9YdgPJGcH1Aq627\" target=\"_blank\"><div id=\"1607291086140-5b051fdd-5ca5\" class=\"media  vc_custom_1660130826697\"><div class=\"mr-3 feature_img\"   style=\"position:relative;text-align:center;\"><i style=\"display:inline-block;font-size:40px;min-width:40px;line-height:40px;\" class=\"text-gradient-primary align-middle pixicon-map-pinned-2\"><\/i><\/div><div class=\"media-body text-left\"><h6 class=\"font-weight-bold  secondary-font text-heading-default\" style=\"padding-top:8px;\"  >Carrer Bruc s\/n<\/h6><div class=\"text-body-default text-18\" style=\"\"  >17241 Palol d&#8217;Onyar, Quart, Girona<\/div><\/div><\/div><\/a><\/div><\/div><div class=\"pix-content-box card      vc_custom_1613516217273    rounded-10 shadow-lg shadow-hover-lg fly-sm bg- w-100\"   ><div class=\"scene scene-over\"><\/div><div class=\"\" style=\"z-index:30;position:relative;\"><a href=\"#\" target=\"_blank\"><div id=\"1607291082115-cb587fc1-14bd\" class=\"media  vc_custom_1660211557221\"><div class=\"mr-3 feature_img\"   style=\"position:relative;text-align:center;\"><i style=\"display:inline-block;font-size:40px;min-width:40px;line-height:40px;\" class=\"text-gradient-primary align-middle pixicon-user-male-phone\"><\/i><\/div><div class=\"media-body text-left\"><h6 class=\"font-weight-bold  secondary-font text-heading-default\" style=\"padding-top:8px;\"  >Call us for more information<\/h6><div class=\"text-text-gray text-18\" style=\"\"  ><\/div><\/div><\/div><\/a><\/div><\/div><\/div><\/div><\/div><div class=\"wpb_column vc_column_container vc_col-sm-6 text-left\"><div class=\"vc_column-inner\"><div class=\"wpb_wrapper\"><div class=\"pix-content-box card      vc_custom_1613516078769    rounded-10 shadow-lg shadow-hover-lg fly-sm bg- w-100 overflow-hidden\"   ><div class=\"scene scene-over\"><\/div><div class=\"\" style=\"z-index:30;position:relative;\"><div class=\"wpb_gmaps_widget wpb_content_element vc_custom_1659526233027 wpb_animate_when_almost_visible wpb_top-to-bottom top-to-bottom\"><div class=\"wpb_wrapper\"><div class=\"wpb_map_wraper\"><iframe src=\"https:\/\/www.google.com\/maps\/embed?pb=!1m18!1m12!1m3!1d341.91547692802123!2d2.8440914613132136!3d41.95171426460219!2m3!1f0!2f0!3f0!3m2!1i1024!2i768!4f13.1!3m3!1m2!1s0x12bae145d8a6ddcd%3A0xfefa6d307003081a!2sCarrer%20del%20Bruc%2C%2017241%20Quart%2C%20Girona!5e0!3m2!1ses!2ses!4v1659526123291!5m2!1ses!2ses\" width=\"600\" height=\"450\" style=\"border:0;\" allowfullscreen=\"\" loading=\"lazy\" referrerpolicy=\"no-referrer-when-downgrade\"><\/iframe><\/div><\/div><\/div><\/div><\/div><\/div><\/div><\/div><\/div><div class=\"vc_row wpb_row vc_row-fluid vc_row_visible\"><div class=\"wpb_column vc_column_container vc_col-sm-12 text-center\"><div class=\"vc_column-inner\"><div class=\"wpb_wrapper\"><div class=\"text-heading-default text-center pix-social-icons font-weight-bold d-inline-block  vc_custom_1660218122021\" style=\"font-size:60px;\"><a target=\"_blank\" href=\"https:\/\/www.instagram.com\/sportworld.es\/\" aria-label=\"\" class=\"text-heading-default animate-in d-inline-block scale-sm  px-4\" data-anim-type=\"fade-in-up\" data-anim-delay=\"400\"><i class=\"pixicon-instagram2\" style=\"\"><\/i><\/a><a target=\"_blank\" href=\"#\" aria-label=\"\" class=\"text-heading-default animate-in d-inline-block scale-sm  px-4\" data-anim-type=\"fade-in-up\" data-anim-delay=\"500\"><i class=\"pixicon-telegram2\" style=\"\"><\/i><\/a><a target=\"_blank\" href=\"#\" aria-label=\"\" class=\"text-heading-default animate-in d-inline-block scale-sm  px-4\" data-anim-type=\"fade-in-up\" data-anim-delay=\"600\"><i class=\"pixicon-whatsapp2\" style=\"\"><\/i><\/a><a target=\"_blank\" href=\"#\" aria-label=\"\" class=\"text-heading-default animate-in d-inline-block scale-sm  px-4\" data-anim-type=\"fade-in-up\" data-anim-delay=\"700\"><i class=\"pixicon-facebook3\" style=\"\"><\/i><\/a><\/div><\/div><\/div><\/div><\/div><\/section><div class=\"vc_row-full-width vc_clearfix\"><\/div><section id=\"pix_section_overview\" data-vc-full-width=\"true\" data-vc-full-width-init=\"false\" class=\"vc_section vc_section_visible pix_section_overview vc_custom_1660131470909 vc_section-has-fill bg-gradient-primary\" data-section-name=\"Overview\"><div data-vc-full-width=\"true\" data-vc-full-width-init=\"false\" class=\"vc_row wpb_row vc_row-fluid vc_row_visible vc_custom_1600559430630 vc_row-o-content-middle vc_row-flex\"><div class=\"wpb_column vc_column_container vc_col-sm-12 text-center\"><div class=\"vc_column-inner\"><div class=\"wpb_wrapper\"><div class=\"container\"><div class=\"row justify-content-center\"><div class=\"col bg-white2 rounded-lg2  vc_custom_1660131453789 animate-in w-100 m-32 p-42 pix-py-30 col-sm-auto d-md-flex align-items-center text-center text-sm-left justify-content-between2\" style=\"z-index:11;\" data-anim-delay=\"0\" data-anim-type=\"fade-in-up\"><div class=\"mr-md-5\"><h2 class=\"d-block mr-md-3 mb-md-0 mb-md-0 font-weight-bold text-white font-weight-bold text-white\" style=\"\">Don't you find what you are looking for?<\/h2><span class=\"d-block mr-md-3 mb-md-0 mb-md-0 pix-mt-10  font-weight-bold text-20 text-light-opacity-7\" style=\"\">You can see our newest machines on Sport World<\/span><\/div><div class=\"flex-fill mt-4 mt-sm-0 mt-md-0 text-md-right flex-grow-1\" style=\"min-width:250px;max-width:100%;\"><a  href=\"#\" class=\"btn mb-0     shadow-lg shadow-hover-lg btn-gray-8 d-inline-block     btn-rounded animate-in btn-lg\"   data-anim-type=\"fade-in-up\" data-anim-delay=\"0\" ><span class=\"font-weight-bold\" >Go to Sport World<\/span><\/a><\/div><\/div><\/div><\/div><\/div><\/div><\/div><\/div><div class=\"vc_row-full-width vc_clearfix\"><\/div><\/section><div class=\"vc_row-full-width vc_clearfix\"><\/div>\r\n<\/div>","protected":false},"excerpt":{"rendered":"\u00bfQui\u00e9nes somos?Wellness Ocasion es una empresa de m\u00e1quinas de ocasi\u00f3n que funciona desde el 2013Ll\u00e1manos+34 617 62 72 22De Lunes a Viernes 10am hasta 14pmEnv\u00edanos un correoinfo@wellnessocasion.comTe responderemos lo m\u00e1s r\u00e1pido possibleTelegram\u00a1Ent\u00e9rate de nuestras nuevas adquisiciones m\u00e1s r\u00e1pido!Cont\u00e1ctanos para m\u00e1s...","protected":false},"author":1,"featured_media":0,"parent":0,"menu_order":0,"comment_status":"closed","ping_status":"closed","template":"","meta":{"footnotes":""},"class_list":["post-3327","page","type-page","status-publish","hentry"],"yoast_head":"<!-- This site is optimized with the Yoast SEO plugin v27.5 - https:\/\/yoast.com\/product\/yoast-seo-wordpress\/ -->\n<title>Contact - Wellness Ocasion<\/title>\n<meta name=\"description\" content=\"Wellness Ocasion lleva desde 2013 con la compraventa de ocasi\u00f3n en mercado nacional e internacional por hoteles, campings, gimnasios\u2026\" \/>\n<meta name=\"robots\" content=\"index, follow, max-snippet:-1, max-image-preview:large, max-video-preview:-1\" \/>\n<link rel=\"canonical\" href=\"https:\/\/wellnessocasion.com\/en\/contactanos\/\" \/>\n<meta property=\"og:locale\" content=\"en_GB\" \/>\n<meta property=\"og:type\" content=\"article\" \/>\n<meta property=\"og:title\" content=\"Contact - Wellness Ocasion\" \/>\n<meta property=\"og:description\" content=\"Wellness Ocasion lleva desde 2013 con la compraventa de ocasi\u00f3n en mercado nacional e internacional por hoteles, campings, gimnasios\u2026\" \/>\n<meta property=\"og:url\" content=\"https:\/\/wellnessocasion.com\/en\/contactanos\/\" \/>\n<meta property=\"og:site_name\" content=\"Wellness Ocasion\" \/>\n<meta property=\"article:modified_time\" content=\"2022-09-06T15:53:47+00:00\" \/>\n<meta name=\"twitter:card\" content=\"summary_large_image\" \/>\n<meta name=\"twitter:label1\" content=\"Estimated reading time\" \/>\n\t<meta name=\"twitter:data1\" content=\"3 minutes\" \/>\n<script type=\"application\/ld+json\" class=\"yoast-schema-graph\">{\"@context\":\"https:\\\/\\\/schema.org\",\"@graph\":[{\"@type\":\"WebPage\",\"@id\":\"https:\\\/\\\/wellnessocasion.com\\\/en\\\/contactanos\\\/\",\"url\":\"https:\\\/\\\/wellnessocasion.com\\\/en\\\/contactanos\\\/\",\"name\":\"Contact - Wellness Ocasion\",\"isPartOf\":{\"@id\":\"https:\\\/\\\/wellnessocasion.com\\\/#website\"},\"datePublished\":\"2022-09-06T15:00:18+00:00\",\"dateModified\":\"2022-09-06T15:53:47+00:00\",\"description\":\"Wellness Ocasion lleva desde 2013 con la compraventa de ocasi\u00f3n en mercado nacional e internacional por hoteles, campings, gimnasios\u2026\",\"breadcrumb\":{\"@id\":\"https:\\\/\\\/wellnessocasion.com\\\/en\\\/contactanos\\\/#breadcrumb\"},\"inLanguage\":\"en-GB\",\"potentialAction\":[{\"@type\":\"ReadAction\",\"target\":[\"https:\\\/\\\/wellnessocasion.com\\\/en\\\/contactanos\\\/\"]}]},{\"@type\":\"BreadcrumbList\",\"@id\":\"https:\\\/\\\/wellnessocasion.com\\\/en\\\/contactanos\\\/#breadcrumb\",\"itemListElement\":[{\"@type\":\"ListItem\",\"position\":1,\"name\":\"Portada\",\"item\":\"https:\\\/\\\/wellnessocasion.com\\\/\"},{\"@type\":\"ListItem\",\"position\":2,\"name\":\"Contact\"}]},{\"@type\":\"WebSite\",\"@id\":\"https:\\\/\\\/wellnessocasion.com\\\/#website\",\"url\":\"https:\\\/\\\/wellnessocasion.com\\\/\",\"name\":\"Wellness Ocasion\",\"description\":\"Compraventa de maquinaria de gimnasios\",\"publisher\":{\"@id\":\"https:\\\/\\\/wellnessocasion.com\\\/#organization\"},\"potentialAction\":[{\"@type\":\"SearchAction\",\"target\":{\"@type\":\"EntryPoint\",\"urlTemplate\":\"https:\\\/\\\/wellnessocasion.com\\\/?s={search_term_string}\"},\"query-input\":{\"@type\":\"PropertyValueSpecification\",\"valueRequired\":true,\"valueName\":\"search_term_string\"}}],\"inLanguage\":\"en-GB\"},{\"@type\":\"Organization\",\"@id\":\"https:\\\/\\\/wellnessocasion.com\\\/#organization\",\"name\":\"Wellness Ocasion\",\"url\":\"https:\\\/\\\/wellnessocasion.com\\\/\",\"logo\":{\"@type\":\"ImageObject\",\"inLanguage\":\"en-GB\",\"@id\":\"https:\\\/\\\/wellnessocasion.com\\\/#\\\/schema\\\/logo\\\/image\\\/\",\"url\":\"https:\\\/\\\/wellnessocasion.com\\\/wp-content\\\/uploads\\\/2022\\\/07\\\/cropped-sporworld_Mesa-de-trabajo-1.png\",\"contentUrl\":\"https:\\\/\\\/wellnessocasion.com\\\/wp-content\\\/uploads\\\/2022\\\/07\\\/cropped-sporworld_Mesa-de-trabajo-1.png\",\"width\":1137,\"height\":807,\"caption\":\"Wellness Ocasion\"},\"image\":{\"@id\":\"https:\\\/\\\/wellnessocasion.com\\\/#\\\/schema\\\/logo\\\/image\\\/\"}}]}<\/script>\n<!-- \/ Yoast SEO plugin. -->","yoast_head_json":{"title":"Contact - Wellness Ocasion","description":"Wellness Ocasion lleva desde 2013 con la compraventa de ocasi\u00f3n en mercado nacional e internacional por hoteles, campings, gimnasios\u2026","robots":{"index":"index","follow":"follow","max-snippet":"max-snippet:-1","max-image-preview":"max-image-preview:large","max-video-preview":"max-video-preview:-1"},"canonical":"https:\/\/wellnessocasion.com\/en\/contactanos\/","og_locale":"en_GB","og_type":"article","og_title":"Contact - Wellness Ocasion","og_description":"Wellness Ocasion lleva desde 2013 con la compraventa de ocasi\u00f3n en mercado nacional e internacional por hoteles, campings, gimnasios\u2026","og_url":"https:\/\/wellnessocasion.com\/en\/contactanos\/","og_site_name":"Wellness Ocasion","article_modified_time":"2022-09-06T15:53:47+00:00","twitter_card":"summary_large_image","twitter_misc":{"Estimated reading time":"3 minutes"},"schema":{"@context":"https:\/\/schema.org","@graph":[{"@type":"WebPage","@id":"https:\/\/wellnessocasion.com\/en\/contactanos\/","url":"https:\/\/wellnessocasion.com\/en\/contactanos\/","name":"Contact - Wellness Ocasion","isPartOf":{"@id":"https:\/\/wellnessocasion.com\/#website"},"datePublished":"2022-09-06T15:00:18+00:00","dateModified":"2022-09-06T15:53:47+00:00","description":"Wellness Ocasion lleva desde 2013 con la compraventa de ocasi\u00f3n en mercado nacional e internacional por hoteles, campings, gimnasios\u2026","breadcrumb":{"@id":"https:\/\/wellnessocasion.com\/en\/contactanos\/#breadcrumb"},"inLanguage":"en-GB","potentialAction":[{"@type":"ReadAction","target":["https:\/\/wellnessocasion.com\/en\/contactanos\/"]}]},{"@type":"BreadcrumbList","@id":"https:\/\/wellnessocasion.com\/en\/contactanos\/#breadcrumb","itemListElement":[{"@type":"ListItem","position":1,"name":"Portada","item":"https:\/\/wellnessocasion.com\/"},{"@type":"ListItem","position":2,"name":"Contact"}]},{"@type":"WebSite","@id":"https:\/\/wellnessocasion.com\/#website","url":"https:\/\/wellnessocasion.com\/","name":"Wellness Ocasion","description":"Compraventa de maquinaria de gimnasios","publisher":{"@id":"https:\/\/wellnessocasion.com\/#organization"},"potentialAction":[{"@type":"SearchAction","target":{"@type":"EntryPoint","urlTemplate":"https:\/\/wellnessocasion.com\/?s={search_term_string}"},"query-input":{"@type":"PropertyValueSpecification","valueRequired":true,"valueName":"search_term_string"}}],"inLanguage":"en-GB"},{"@type":"Organization","@id":"https:\/\/wellnessocasion.com\/#organization","name":"Wellness Ocasion","url":"https:\/\/wellnessocasion.com\/","logo":{"@type":"ImageObject","inLanguage":"en-GB","@id":"https:\/\/wellnessocasion.com\/#\/schema\/logo\/image\/","url":"https:\/\/wellnessocasion.com\/wp-content\/uploads\/2022\/07\/cropped-sporworld_Mesa-de-trabajo-1.png","contentUrl":"https:\/\/wellnessocasion.com\/wp-content\/uploads\/2022\/07\/cropped-sporworld_Mesa-de-trabajo-1.png","width":1137,"height":807,"caption":"Wellness Ocasion"},"image":{"@id":"https:\/\/wellnessocasion.com\/#\/schema\/logo\/image\/"}}]}},"_links":{"self":[{"href":"https:\/\/wellnessocasion.com\/en\/wp-json\/wp\/v2\/pages\/3327","targetHints":{"allow":["GET"]}}],"collection":[{"href":"https:\/\/wellnessocasion.com\/en\/wp-json\/wp\/v2\/pages"}],"about":[{"href":"https:\/\/wellnessocasion.com\/en\/wp-json\/wp\/v2\/types\/page"}],"author":[{"embeddable":true,"href":"https:\/\/wellnessocasion.com\/en\/wp-json\/wp\/v2\/users\/1"}],"replies":[{"embeddable":true,"href":"https:\/\/wellnessocasion.com\/en\/wp-json\/wp\/v2\/comments?post=3327"}],"version-history":[{"count":18,"href":"https:\/\/wellnessocasion.com\/en\/wp-json\/wp\/v2\/pages\/3327\/revisions"}],"predecessor-version":[{"id":4020,"href":"https:\/\/wellnessocasion.com\/en\/wp-json\/wp\/v2\/pages\/3327\/revisions\/4020"}],"wp:attachment":[{"href":"https:\/\/wellnessocasion.com\/en\/wp-json\/wp\/v2\/media?parent=3327"}],"curies":[{"name":"wp","href":"https:\/\/api.w.org\/{rel}","templated":true}]}}