{"id":4147,"date":"2026-03-20T12:57:25","date_gmt":"2026-03-20T11:57:25","guid":{"rendered":"https:\/\/wellnessocasion.com\/?page_id=4147"},"modified":"2026-03-20T13:48:09","modified_gmt":"2026-03-20T12:48:09","slug":"productes","status":"publish","type":"page","link":"https:\/\/wellnessocasion.com\/en\/productes\/","title":{"rendered":"Productes"},"content":{"rendered":"\t\t<div data-elementor-type=\"wp-page\" data-elementor-id=\"4147\" class=\"elementor elementor-4147\" data-elementor-post-type=\"page\">\n\t\t\t\t\t\t<section class=\"elementor-section elementor-top-section elementor-element elementor-element-5d29d03 elementor-section-height-min-height elementor-section-boxed elementor-section-height-default elementor-section-items-middle\" data-id=\"5d29d03\" data-element_type=\"section\" data-e-type=\"section\" data-settings=\"{&quot;background_background&quot;:&quot;classic&quot;,&quot;shape_divider_bottom&quot;:&quot;opacity-fan&quot;}\">\n\t\t\t\t\t\t\t<div class=\"elementor-background-overlay\"><\/div>\n\t\t\t\t\t\t<div class=\"elementor-shape elementor-shape-bottom\" aria-hidden=\"true\" data-negative=\"false\">\n\t\t\t<svg xmlns=\"http:\/\/www.w3.org\/2000\/svg\" viewBox=\"0 0 283.5 19.6\" preserveAspectRatio=\"none\">\n\t<path class=\"elementor-shape-fill\" style=\"opacity:0.33\" d=\"M0 0L0 18.8 141.8 4.1 283.5 18.8 283.5 0z\"\/>\n\t<path class=\"elementor-shape-fill\" style=\"opacity:0.33\" d=\"M0 0L0 12.6 141.8 4 283.5 12.6 283.5 0z\"\/>\n\t<path class=\"elementor-shape-fill\" style=\"opacity:0.33\" d=\"M0 0L0 6.4 141.8 4 283.5 6.4 283.5 0z\"\/>\n\t<path class=\"elementor-shape-fill\" d=\"M0 0L0 1.2 141.8 4 283.5 1.2 283.5 0z\"\/>\n<\/svg>\t\t<\/div>\n\t\t\t\t\t<div class=\"elementor-container elementor-column-gap-default\">\n\t\t\t\t\t<div class=\"elementor-column elementor-col-100 elementor-top-column elementor-element elementor-element-3066192\" data-id=\"3066192\" data-element_type=\"column\" data-e-type=\"column\">\n\t\t\t<div class=\"elementor-widget-wrap elementor-element-populated\">\n\t\t\t\t\t\t<div class=\"elementor-element elementor-element-b8c9552 elementor-invisible elementor-widget elementor-widget-pix-animated-heading\" data-id=\"b8c9552\" data-element_type=\"widget\" data-e-type=\"widget\" data-widget_type=\"pix-animated-heading.default\">\n\t\t\t\t<div class=\"elementor-widget-container\">\n\t\t\t\t\t<div class=\"text-center \"><div><h1 class=\"pix-headline my-3  slide-inverse  font-weight-bold   animate-in\" style=\"color:#FFFFFF !important;\" data-anim-type=\"pix-3d-in\" data-anim-delay=\"0\" ><span>Todas nuestras m\u00e1quinas de <\/span><span class=\"pix-words-wrapper\"><span class=\"is-visible \" style=\"color:#F2FF00;\">Cardio<\/span> <span class=\"\" style=\"color:#000000;\">Musculaci\u00f3n<\/span> <span class=\"\" style=\"color:#00CDFF;\">Equipamiento<\/span> <span class=\"\" style=\"color:#FF0000;\">Piezas de recambio<\/span> <\/span><span><\/span><\/h1><\/div><\/div>\t\t\t\t<\/div>\n\t\t\t\t<\/div>\n\t\t\t\t\t<\/div>\n\t\t<\/div>\n\t\t\t\t\t<\/div>\n\t\t<\/section>\n\t\t\t\t<section class=\"elementor-section elementor-top-section elementor-element elementor-element-d200e12 elementor-section-height-min-height elementor-section-boxed elementor-section-height-default elementor-section-items-middle\" data-id=\"d200e12\" data-element_type=\"section\" data-e-type=\"section\">\n\t\t\t\t\t\t<div class=\"elementor-container elementor-column-gap-default\">\n\t\t\t\t\t<div class=\"elementor-column elementor-col-100 elementor-top-column elementor-element elementor-element-6aaeb99\" data-id=\"6aaeb99\" data-element_type=\"column\" data-e-type=\"column\">\n\t\t\t<div class=\"elementor-widget-wrap elementor-element-populated\">\n\t\t\t\t\t\t<div class=\"elementor-element elementor-element-8bf7487 elementor-widget elementor-widget-jet-listing-grid\" data-id=\"8bf7487\" data-element_type=\"widget\" data-e-type=\"widget\" data-settings=\"{&quot;columns&quot;:3,&quot;columns_mobile&quot;:&quot;1&quot;}\" data-widget_type=\"jet-listing-grid.default\">\n\t\t\t\t<div class=\"elementor-widget-container\">\n\t\t\t\t\t<div class=\"jet-listing-grid jet-listing\"><div class=\"jet-listing-not-found jet-listing-grid__items\" data-nav=\"{&quot;enabled&quot;:true,&quot;type&quot;:&quot;scroll&quot;,&quot;more_el&quot;:null,&quot;query&quot;:{&quot;post_status&quot;:[&quot;publish&quot;],&quot;post_type&quot;:&quot;product&quot;,&quot;posts_per_page&quot;:&quot;100&quot;,&quot;paged&quot;:&quot;1&quot;,&quot;ignore_sticky_posts&quot;:&quot;1&quot;,&quot;signature&quot;:&quot;c4fc481fbde44790e48b8b117dd1565dd018cb91ca98c9a4fa72215f92ae97a3&quot;},&quot;widget_settings&quot;:{&quot;lisitng_id&quot;:4078,&quot;posts_num&quot;:100,&quot;columns&quot;:3,&quot;columns_tablet&quot;:3,&quot;columns_mobile&quot;:1,&quot;column_min_width&quot;:240,&quot;column_min_width_tablet&quot;:240,&quot;column_min_width_mobile&quot;:240,&quot;inline_columns_css&quot;:false,&quot;is_archive_template&quot;:&quot;&quot;,&quot;post_status&quot;:[&quot;publish&quot;],&quot;use_random_posts_num&quot;:&quot;&quot;,&quot;max_posts_num&quot;:9,&quot;not_found_message&quot;:&quot;No data was found&quot;,&quot;is_masonry&quot;:false,&quot;equal_columns_height&quot;:&quot;yes&quot;,&quot;use_load_more&quot;:&quot;yes&quot;,&quot;load_more_id&quot;:&quot;&quot;,&quot;load_more_type&quot;:&quot;scroll&quot;,&quot;load_more_offset&quot;:{&quot;unit&quot;:&quot;px&quot;,&quot;size&quot;:0,&quot;sizes&quot;:[]},&quot;use_custom_post_types&quot;:&quot;&quot;,&quot;custom_post_types&quot;:[],&quot;hide_widget_if&quot;:&quot;&quot;,&quot;carousel_enabled&quot;:&quot;&quot;,&quot;slides_to_scroll&quot;:&quot;1&quot;,&quot;arrows&quot;:&quot;true&quot;,&quot;arrow_icon&quot;:&quot;fa fa-angle-left&quot;,&quot;dots&quot;:&quot;&quot;,&quot;autoplay&quot;:&quot;true&quot;,&quot;pause_on_hover&quot;:&quot;true&quot;,&quot;autoplay_speed&quot;:5000,&quot;infinite&quot;:&quot;true&quot;,&quot;center_mode&quot;:&quot;&quot;,&quot;effect&quot;:&quot;slide&quot;,&quot;speed&quot;:500,&quot;inject_alternative_items&quot;:&quot;&quot;,&quot;injection_items&quot;:[],&quot;scroll_slider_enabled&quot;:&quot;&quot;,&quot;scroll_slider_on&quot;:[&quot;desktop&quot;,&quot;tablet&quot;,&quot;mobile&quot;],&quot;custom_query&quot;:false,&quot;custom_query_id&quot;:&quot;&quot;,&quot;_element_id&quot;:&quot;&quot;,&quot;collapse_first_last_gap&quot;:false,&quot;list_tag_selection&quot;:&quot;&quot;,&quot;list_items_wrapper_tag&quot;:&quot;div&quot;,&quot;list_item_tag&quot;:&quot;div&quot;,&quot;empty_items_wrapper_tag&quot;:&quot;div&quot;}}\" data-listing-source=\"posts\" data-listing-id=\"4078\" data-query-id=\"\" data-queried-id=\"4147|WP_Post\">No data was found<\/div><\/div>\t\t\t\t<\/div>\n\t\t\t\t<\/div>\n\t\t\t\t<div class=\"elementor-element elementor-element-7885fec elementor-widget elementor-widget-spacer\" data-id=\"7885fec\" data-element_type=\"widget\" data-e-type=\"widget\" data-widget_type=\"spacer.default\">\n\t\t\t\t<div class=\"elementor-widget-container\">\n\t\t\t\t\t\t\t<div class=\"elementor-spacer\">\n\t\t\t<div class=\"elementor-spacer-inner\"><\/div>\n\t\t<\/div>\n\t\t\t\t\t\t<\/div>\n\t\t\t\t<\/div>\n\t\t\t\t\t<\/div>\n\t\t<\/div>\n\t\t\t\t\t<\/div>\n\t\t<\/section>\n\t\t\t\t<\/div>\n\t\t","protected":false},"excerpt":{"rendered":"Todas nuestras m\u00e1quinas de Cardio Musculaci\u00f3n Equipamiento Piezas de recambio M\u00e0quina 1 (Copy) 30 \u20ac + iva Altura 400 x 5600 \u20ac + iva M\u00e0quina 1 30 \u20ac + iva Altura 400 x 5600 \u20ac + iva","protected":false},"author":1,"featured_media":0,"parent":0,"menu_order":0,"comment_status":"closed","ping_status":"closed","template":"elementor_header_footer","meta":{"footnotes":""},"class_list":["post-4147","page","type-page","status-publish","hentry"],"yoast_head":"<!-- This site is optimized with the Yoast SEO plugin v27.6 - https:\/\/yoast.com\/product\/yoast-seo-wordpress\/ -->\n<title>Productes - Wellness Ocasion<\/title>\n<meta name=\"robots\" content=\"index, follow, max-snippet:-1, max-image-preview:large, max-video-preview:-1\" \/>\n<link rel=\"canonical\" href=\"https:\/\/wellnessocasion.com\/en\/productes\/\" \/>\n<meta property=\"og:locale\" content=\"en_GB\" \/>\n<meta property=\"og:type\" content=\"article\" \/>\n<meta property=\"og:title\" content=\"Productes - Wellness Ocasion\" \/>\n<meta property=\"og:description\" content=\"Todas nuestras m\u00e1quinas de Cardio Musculaci\u00f3n Equipamiento Piezas de recambio M\u00e0quina 1 (Copy) 30 \u20ac + iva Altura 400 x 5600 \u20ac + iva M\u00e0quina 1 30 \u20ac + iva Altura 400 x 5600 \u20ac + iva\" \/>\n<meta property=\"og:url\" content=\"https:\/\/wellnessocasion.com\/en\/productes\/\" \/>\n<meta property=\"og:site_name\" content=\"Wellness Ocasion\" \/>\n<meta property=\"article:modified_time\" content=\"2026-03-20T12:48:09+00:00\" \/>\n<meta name=\"twitter:card\" content=\"summary_large_image\" \/>\n<meta name=\"twitter:label1\" content=\"Estimated reading time\" \/>\n\t<meta name=\"twitter:data1\" content=\"1 minute\" \/>\n<script type=\"application\/ld+json\" class=\"yoast-schema-graph\">{\"@context\":\"https:\\\/\\\/schema.org\",\"@graph\":[{\"@type\":\"WebPage\",\"@id\":\"https:\\\/\\\/wellnessocasion.com\\\/productes\\\/\",\"url\":\"https:\\\/\\\/wellnessocasion.com\\\/productes\\\/\",\"name\":\"Productes - Wellness Ocasion\",\"isPartOf\":{\"@id\":\"https:\\\/\\\/wellnessocasion.com\\\/#website\"},\"datePublished\":\"2026-03-20T11:57:25+00:00\",\"dateModified\":\"2026-03-20T12:48:09+00:00\",\"breadcrumb\":{\"@id\":\"https:\\\/\\\/wellnessocasion.com\\\/productes\\\/#breadcrumb\"},\"inLanguage\":\"en-GB\",\"potentialAction\":[{\"@type\":\"ReadAction\",\"target\":[\"https:\\\/\\\/wellnessocasion.com\\\/productes\\\/\"]}]},{\"@type\":\"BreadcrumbList\",\"@id\":\"https:\\\/\\\/wellnessocasion.com\\\/productes\\\/#breadcrumb\",\"itemListElement\":[{\"@type\":\"ListItem\",\"position\":1,\"name\":\"Portada\",\"item\":\"https:\\\/\\\/wellnessocasion.com\\\/\"},{\"@type\":\"ListItem\",\"position\":2,\"name\":\"Productes\"}]},{\"@type\":\"WebSite\",\"@id\":\"https:\\\/\\\/wellnessocasion.com\\\/#website\",\"url\":\"https:\\\/\\\/wellnessocasion.com\\\/\",\"name\":\"Wellness Ocasion\",\"description\":\"Compraventa de maquinaria de gimnasios\",\"publisher\":{\"@id\":\"https:\\\/\\\/wellnessocasion.com\\\/#organization\"},\"potentialAction\":[{\"@type\":\"SearchAction\",\"target\":{\"@type\":\"EntryPoint\",\"urlTemplate\":\"https:\\\/\\\/wellnessocasion.com\\\/?s={search_term_string}\"},\"query-input\":{\"@type\":\"PropertyValueSpecification\",\"valueRequired\":true,\"valueName\":\"search_term_string\"}}],\"inLanguage\":\"en-GB\"},{\"@type\":\"Organization\",\"@id\":\"https:\\\/\\\/wellnessocasion.com\\\/#organization\",\"name\":\"Wellness Ocasion\",\"url\":\"https:\\\/\\\/wellnessocasion.com\\\/\",\"logo\":{\"@type\":\"ImageObject\",\"inLanguage\":\"en-GB\",\"@id\":\"https:\\\/\\\/wellnessocasion.com\\\/#\\\/schema\\\/logo\\\/image\\\/\",\"url\":\"https:\\\/\\\/wellnessocasion.com\\\/wp-content\\\/uploads\\\/2022\\\/07\\\/cropped-sporworld_Mesa-de-trabajo-1.png\",\"contentUrl\":\"https:\\\/\\\/wellnessocasion.com\\\/wp-content\\\/uploads\\\/2022\\\/07\\\/cropped-sporworld_Mesa-de-trabajo-1.png\",\"width\":1137,\"height\":807,\"caption\":\"Wellness Ocasion\"},\"image\":{\"@id\":\"https:\\\/\\\/wellnessocasion.com\\\/#\\\/schema\\\/logo\\\/image\\\/\"}}]}<\/script>\n<!-- \/ Yoast SEO plugin. -->","yoast_head_json":{"title":"Productes - Wellness Ocasion","robots":{"index":"index","follow":"follow","max-snippet":"max-snippet:-1","max-image-preview":"max-image-preview:large","max-video-preview":"max-video-preview:-1"},"canonical":"https:\/\/wellnessocasion.com\/en\/productes\/","og_locale":"en_GB","og_type":"article","og_title":"Productes - Wellness Ocasion","og_description":"Todas nuestras m\u00e1quinas de Cardio Musculaci\u00f3n Equipamiento Piezas de recambio M\u00e0quina 1 (Copy) 30 \u20ac + iva Altura 400 x 5600 \u20ac + iva M\u00e0quina 1 30 \u20ac + iva Altura 400 x 5600 \u20ac + iva","og_url":"https:\/\/wellnessocasion.com\/en\/productes\/","og_site_name":"Wellness Ocasion","article_modified_time":"2026-03-20T12:48:09+00:00","twitter_card":"summary_large_image","twitter_misc":{"Estimated reading time":"1 minute"},"schema":{"@context":"https:\/\/schema.org","@graph":[{"@type":"WebPage","@id":"https:\/\/wellnessocasion.com\/productes\/","url":"https:\/\/wellnessocasion.com\/productes\/","name":"Productes - Wellness Ocasion","isPartOf":{"@id":"https:\/\/wellnessocasion.com\/#website"},"datePublished":"2026-03-20T11:57:25+00:00","dateModified":"2026-03-20T12:48:09+00:00","breadcrumb":{"@id":"https:\/\/wellnessocasion.com\/productes\/#breadcrumb"},"inLanguage":"en-GB","potentialAction":[{"@type":"ReadAction","target":["https:\/\/wellnessocasion.com\/productes\/"]}]},{"@type":"BreadcrumbList","@id":"https:\/\/wellnessocasion.com\/productes\/#breadcrumb","itemListElement":[{"@type":"ListItem","position":1,"name":"Portada","item":"https:\/\/wellnessocasion.com\/"},{"@type":"ListItem","position":2,"name":"Productes"}]},{"@type":"WebSite","@id":"https:\/\/wellnessocasion.com\/#website","url":"https:\/\/wellnessocasion.com\/","name":"Wellness Ocasion","description":"Compraventa de maquinaria de gimnasios","publisher":{"@id":"https:\/\/wellnessocasion.com\/#organization"},"potentialAction":[{"@type":"SearchAction","target":{"@type":"EntryPoint","urlTemplate":"https:\/\/wellnessocasion.com\/?s={search_term_string}"},"query-input":{"@type":"PropertyValueSpecification","valueRequired":true,"valueName":"search_term_string"}}],"inLanguage":"en-GB"},{"@type":"Organization","@id":"https:\/\/wellnessocasion.com\/#organization","name":"Wellness Ocasion","url":"https:\/\/wellnessocasion.com\/","logo":{"@type":"ImageObject","inLanguage":"en-GB","@id":"https:\/\/wellnessocasion.com\/#\/schema\/logo\/image\/","url":"https:\/\/wellnessocasion.com\/wp-content\/uploads\/2022\/07\/cropped-sporworld_Mesa-de-trabajo-1.png","contentUrl":"https:\/\/wellnessocasion.com\/wp-content\/uploads\/2022\/07\/cropped-sporworld_Mesa-de-trabajo-1.png","width":1137,"height":807,"caption":"Wellness Ocasion"},"image":{"@id":"https:\/\/wellnessocasion.com\/#\/schema\/logo\/image\/"}}]}},"_links":{"self":[{"href":"https:\/\/wellnessocasion.com\/en\/wp-json\/wp\/v2\/pages\/4147","targetHints":{"allow":["GET"]}}],"collection":[{"href":"https:\/\/wellnessocasion.com\/en\/wp-json\/wp\/v2\/pages"}],"about":[{"href":"https:\/\/wellnessocasion.com\/en\/wp-json\/wp\/v2\/types\/page"}],"author":[{"embeddable":true,"href":"https:\/\/wellnessocasion.com\/en\/wp-json\/wp\/v2\/users\/1"}],"replies":[{"embeddable":true,"href":"https:\/\/wellnessocasion.com\/en\/wp-json\/wp\/v2\/comments?post=4147"}],"version-history":[{"count":13,"href":"https:\/\/wellnessocasion.com\/en\/wp-json\/wp\/v2\/pages\/4147\/revisions"}],"predecessor-version":[{"id":4164,"href":"https:\/\/wellnessocasion.com\/en\/wp-json\/wp\/v2\/pages\/4147\/revisions\/4164"}],"wp:attachment":[{"href":"https:\/\/wellnessocasion.com\/en\/wp-json\/wp\/v2\/media?parent=4147"}],"curies":[{"name":"wp","href":"https:\/\/api.w.org\/{rel}","templated":true}]}}